{"id":370,"date":"2023-11-27T19:03:03","date_gmt":"2023-11-27T19:03:03","guid":{"rendered":"http:\/\/www.gregori-as.de\/?page_id=370"},"modified":"2024-08-18T10:46:00","modified_gmt":"2024-08-18T10:46:00","slug":"arbeitssicherheit","status":"publish","type":"page","link":"https:\/\/www.gregori-as.de\/index.php\/arbeitssicherheit\/","title":{"rendered":"Arbeitssicherheit"},"content":{"rendered":"<div id=\"pl-370\"  class=\"panel-layout\" ><div id=\"pg-370-0\"  class=\"panel-grid panel-no-style\" ><div id=\"pgc-370-0-0\"  class=\"panel-grid-cell\" ><div id=\"panel-370-0-0-0\" class=\"so-panel widget widget_text panel-first-child\" data-index=\"0\" >\t\t\t<div class=\"textwidget\"><p>Die Sicherheit am Arbeitsplatz h\u00e4ngt sowohl von betrieblichen als auch von pers\u00f6nlichen Faktoren ab. Die Auswahl der pers\u00f6nlichen Schutzausr\u00fcstung erfolgt nach der Gef\u00e4hrdungsbeurteilung. Sie folgt dem Grundsatz &#8222;So viel Schutz wie n\u00f6tig &#8211; so wenig Belastung wie m\u00f6glich&#8220;. Wir bem\u00fchen uns stets darum, diesem Grundsatz gerecht zu werden und vertrauen daher bei unseren Produkten nur ausgew\u00e4hlten Lieferanten:<\/p>\n<\/div>\n\t\t<\/div><div id=\"panel-370-0-0-1\" class=\"so-panel widget widget_text panel-last-child\" data-index=\"1\" ><h3 class=\"widget-title\">Im Bereich Atemschutz<\/h3>\t\t\t<div class=\"textwidget\"><\/div>\n\t\t<\/div><\/div><\/div><div id=\"pg-370-1\"  class=\"panel-grid panel-no-style\" ><div id=\"pgc-370-1-0\"  class=\"panel-grid-cell\" ><div id=\"panel-370-1-0-0\" class=\"so-panel widget widget_media_image panel-first-child\" data-index=\"2\" ><img loading=\"lazy\" decoding=\"async\" width=\"300\" height=\"72\" src=\"https:\/\/www.gregori-as.de\/wp-content\/uploads\/2023\/11\/3M-300x72.jpg\" class=\"image wp-image-381  attachment-medium size-medium\" alt=\"\" style=\"max-width: 100%; height: auto;\" srcset=\"https:\/\/www.gregori-as.de\/wp-content\/uploads\/2023\/11\/3M-300x72.jpg 300w, https:\/\/www.gregori-as.de\/wp-content\/uploads\/2023\/11\/3M.jpg 456w\" sizes=\"auto, (max-width: 300px) 100vw, 300px\" \/><\/div><div id=\"panel-370-1-0-1\" class=\"so-panel widget widget_media_image panel-last-child\" data-index=\"3\" ><img loading=\"lazy\" decoding=\"async\" width=\"300\" height=\"72\" src=\"https:\/\/www.gregori-as.de\/wp-content\/uploads\/2023\/11\/sundstroem-300x72.jpg\" class=\"image wp-image-383  attachment-medium size-medium\" alt=\"\" style=\"max-width: 100%; height: auto;\" srcset=\"https:\/\/www.gregori-as.de\/wp-content\/uploads\/2023\/11\/sundstroem-300x72.jpg 300w, https:\/\/www.gregori-as.de\/wp-content\/uploads\/2023\/11\/sundstroem.jpg 456w\" sizes=\"auto, (max-width: 300px) 100vw, 300px\" \/><\/div><\/div><div id=\"pgc-370-1-1\"  class=\"panel-grid-cell\" ><div id=\"panel-370-1-1-0\" class=\"so-panel widget widget_media_image panel-first-child\" data-index=\"4\" ><img loading=\"lazy\" decoding=\"async\" width=\"300\" height=\"72\" src=\"https:\/\/www.gregori-as.de\/wp-content\/uploads\/2023\/11\/cleanair-300x72.jpg\" class=\"image wp-image-384  attachment-medium size-medium\" alt=\"\" style=\"max-width: 100%; height: auto;\" srcset=\"https:\/\/www.gregori-as.de\/wp-content\/uploads\/2023\/11\/cleanair-300x72.jpg 300w, https:\/\/www.gregori-as.de\/wp-content\/uploads\/2023\/11\/cleanair.jpg 456w\" sizes=\"auto, (max-width: 300px) 100vw, 300px\" \/><\/div><div id=\"panel-370-1-1-1\" class=\"so-panel widget widget_media_image panel-last-child\" data-index=\"5\" ><img loading=\"lazy\" decoding=\"async\" width=\"300\" height=\"72\" src=\"https:\/\/www.gregori-as.de\/wp-content\/uploads\/2023\/11\/JSP-300x72.jpg\" class=\"image wp-image-377  attachment-medium size-medium\" alt=\"\" style=\"max-width: 100%; height: auto;\" srcset=\"https:\/\/www.gregori-as.de\/wp-content\/uploads\/2023\/11\/JSP-300x72.jpg 300w, https:\/\/www.gregori-as.de\/wp-content\/uploads\/2023\/11\/JSP.jpg 456w\" sizes=\"auto, (max-width: 300px) 100vw, 300px\" \/><\/div><\/div><div id=\"pgc-370-1-2\"  class=\"panel-grid-cell\" ><div id=\"panel-370-1-2-0\" class=\"so-panel widget widget_media_image panel-first-child\" data-index=\"6\" ><img loading=\"lazy\" decoding=\"async\" width=\"300\" height=\"72\" src=\"https:\/\/www.gregori-as.de\/wp-content\/uploads\/2023\/11\/draeger-300x72.jpg\" class=\"image wp-image-382  attachment-medium size-medium\" alt=\"\" style=\"max-width: 100%; height: auto;\" srcset=\"https:\/\/www.gregori-as.de\/wp-content\/uploads\/2023\/11\/draeger-300x72.jpg 300w, https:\/\/www.gregori-as.de\/wp-content\/uploads\/2023\/11\/draeger.jpg 456w\" sizes=\"auto, (max-width: 300px) 100vw, 300px\" \/><\/div><div id=\"panel-370-1-2-1\" class=\"so-panel widget widget_media_image panel-last-child\" data-index=\"7\" ><img loading=\"lazy\" decoding=\"async\" width=\"300\" height=\"72\" src=\"https:\/\/www.gregori-as.de\/wp-content\/uploads\/2023\/11\/BLS-300x72.jpg\" class=\"image wp-image-375  attachment-medium size-medium\" alt=\"\" style=\"max-width: 100%; height: auto;\" srcset=\"https:\/\/www.gregori-as.de\/wp-content\/uploads\/2023\/11\/BLS-300x72.jpg 300w, https:\/\/www.gregori-as.de\/wp-content\/uploads\/2023\/11\/BLS.jpg 456w\" sizes=\"auto, (max-width: 300px) 100vw, 300px\" \/><\/div><\/div><\/div><div id=\"pg-370-2\"  class=\"panel-grid panel-no-style\" ><div id=\"pgc-370-2-0\"  class=\"panel-grid-cell\" ><div id=\"panel-370-2-0-0\" class=\"so-panel widget widget_text panel-first-child panel-last-child\" data-index=\"8\" ><h3 class=\"widget-title\">F\u00fcr Schutzhandschuhe<\/h3>\t\t\t<div class=\"textwidget\"><\/div>\n\t\t<\/div><\/div><\/div><div id=\"pg-370-3\"  class=\"panel-grid panel-no-style\" ><div id=\"pgc-370-3-0\"  class=\"panel-grid-cell\" ><div id=\"panel-370-3-0-0\" class=\"so-panel widget widget_media_image panel-first-child panel-last-child\" data-index=\"9\" ><img loading=\"lazy\" decoding=\"async\" width=\"300\" height=\"72\" src=\"https:\/\/www.gregori-as.de\/wp-content\/uploads\/2023\/11\/ansell-300x72.jpg\" class=\"image wp-image-399  attachment-medium size-medium\" alt=\"\" style=\"max-width: 100%; height: auto;\" srcset=\"https:\/\/www.gregori-as.de\/wp-content\/uploads\/2023\/11\/ansell-300x72.jpg 300w, https:\/\/www.gregori-as.de\/wp-content\/uploads\/2023\/11\/ansell.jpg 456w\" sizes=\"auto, (max-width: 300px) 100vw, 300px\" \/><\/div><\/div><div id=\"pgc-370-3-1\"  class=\"panel-grid-cell panel-grid-cell-mobile-last\" ><div id=\"panel-370-3-1-0\" class=\"so-panel widget widget_media_image panel-first-child panel-last-child\" data-index=\"10\" ><img loading=\"lazy\" decoding=\"async\" width=\"300\" height=\"72\" src=\"https:\/\/www.gregori-as.de\/wp-content\/uploads\/2023\/11\/MAPA-300x72.jpg\" class=\"image wp-image-398  attachment-medium size-medium\" alt=\"\" style=\"max-width: 100%; height: auto;\" srcset=\"https:\/\/www.gregori-as.de\/wp-content\/uploads\/2023\/11\/MAPA-300x72.jpg 300w, https:\/\/www.gregori-as.de\/wp-content\/uploads\/2023\/11\/MAPA.jpg 456w\" sizes=\"auto, (max-width: 300px) 100vw, 300px\" \/><\/div><\/div><div id=\"pgc-370-3-2\"  class=\"panel-grid-cell panel-grid-cell-empty\" ><\/div><\/div><div id=\"pg-370-4\"  class=\"panel-grid panel-no-style\" ><div id=\"pgc-370-4-0\"  class=\"panel-grid-cell\" ><div id=\"panel-370-4-0-0\" class=\"so-panel widget widget_text panel-first-child panel-last-child\" data-index=\"11\" ><h3 class=\"widget-title\">F\u00fcr Overalls<\/h3>\t\t\t<div class=\"textwidget\"><\/div>\n\t\t<\/div><\/div><\/div><div id=\"pg-370-5\"  class=\"panel-grid panel-no-style\" ><div id=\"pgc-370-5-0\"  class=\"panel-grid-cell\" ><div id=\"panel-370-5-0-0\" class=\"so-panel widget widget_media_image panel-first-child panel-last-child\" data-index=\"12\" ><img loading=\"lazy\" decoding=\"async\" width=\"300\" height=\"72\" src=\"https:\/\/www.gregori-as.de\/wp-content\/uploads\/2023\/11\/dupont-300x72.jpg\" class=\"image wp-image-402  attachment-medium size-medium\" alt=\"\" style=\"max-width: 100%; height: auto;\" srcset=\"https:\/\/www.gregori-as.de\/wp-content\/uploads\/2023\/11\/dupont-300x72.jpg 300w, https:\/\/www.gregori-as.de\/wp-content\/uploads\/2023\/11\/dupont.jpg 456w\" sizes=\"auto, (max-width: 300px) 100vw, 300px\" \/><\/div><\/div><div id=\"pgc-370-5-1\"  class=\"panel-grid-cell panel-grid-cell-mobile-last\" ><div id=\"panel-370-5-1-0\" class=\"so-panel widget widget_media_image panel-first-child panel-last-child\" data-index=\"13\" ><img loading=\"lazy\" decoding=\"async\" width=\"300\" height=\"72\" src=\"https:\/\/www.gregori-as.de\/wp-content\/uploads\/2023\/11\/DS-300x72.jpg\" class=\"image wp-image-401  attachment-medium size-medium\" alt=\"\" style=\"max-width: 100%; height: auto;\" srcset=\"https:\/\/www.gregori-as.de\/wp-content\/uploads\/2023\/11\/DS-300x72.jpg 300w, https:\/\/www.gregori-as.de\/wp-content\/uploads\/2023\/11\/DS.jpg 456w\" sizes=\"auto, (max-width: 300px) 100vw, 300px\" \/><\/div><\/div><div id=\"pgc-370-5-2\"  class=\"panel-grid-cell panel-grid-cell-empty\" ><\/div><\/div><div id=\"pg-370-6\"  class=\"panel-grid panel-no-style\" ><div id=\"pgc-370-6-0\"  class=\"panel-grid-cell\" ><div id=\"panel-370-6-0-0\" class=\"so-panel widget widget_text panel-first-child panel-last-child\" data-index=\"14\" ><h3 class=\"widget-title\">F\u00fcr Arbeitsbekleidung<\/h3>\t\t\t<div class=\"textwidget\"><\/div>\n\t\t<\/div><\/div><\/div><div id=\"pg-370-7\"  class=\"panel-grid panel-no-style\" ><div id=\"pgc-370-7-0\"  class=\"panel-grid-cell\" ><div id=\"panel-370-7-0-0\" class=\"so-panel widget widget_media_image panel-first-child panel-last-child\" data-index=\"15\" ><img loading=\"lazy\" decoding=\"async\" width=\"300\" height=\"72\" src=\"https:\/\/www.gregori-as.de\/wp-content\/uploads\/2023\/11\/Kind-300x72.jpg\" class=\"image wp-image-410  attachment-medium size-medium\" alt=\"\" style=\"max-width: 100%; height: auto;\" srcset=\"https:\/\/www.gregori-as.de\/wp-content\/uploads\/2023\/11\/Kind-300x72.jpg 300w, https:\/\/www.gregori-as.de\/wp-content\/uploads\/2023\/11\/Kind.jpg 456w\" sizes=\"auto, (max-width: 300px) 100vw, 300px\" \/><\/div><\/div><div id=\"pgc-370-7-1\"  class=\"panel-grid-cell panel-grid-cell-mobile-last\" ><div id=\"panel-370-7-1-0\" class=\"so-panel widget widget_media_image panel-first-child panel-last-child\" data-index=\"16\" ><img loading=\"lazy\" decoding=\"async\" width=\"300\" height=\"72\" src=\"https:\/\/www.gregori-as.de\/wp-content\/uploads\/2023\/11\/sioen-300x72.jpg\" class=\"image wp-image-409  attachment-medium size-medium\" alt=\"\" style=\"max-width: 100%; height: auto;\" srcset=\"https:\/\/www.gregori-as.de\/wp-content\/uploads\/2023\/11\/sioen-300x72.jpg 300w, https:\/\/www.gregori-as.de\/wp-content\/uploads\/2023\/11\/sioen.jpg 456w\" sizes=\"auto, (max-width: 300px) 100vw, 300px\" \/><\/div><\/div><div id=\"pgc-370-7-2\"  class=\"panel-grid-cell panel-grid-cell-empty\" ><\/div><\/div><div id=\"pg-370-8\"  class=\"panel-grid panel-no-style\" ><div id=\"pgc-370-8-0\"  class=\"panel-grid-cell\" ><div id=\"panel-370-8-0-0\" class=\"so-panel widget widget_text panel-first-child panel-last-child\" data-index=\"17\" ><h3 class=\"widget-title\">F\u00fcr Sicherheitsstiefel<\/h3>\t\t\t<div class=\"textwidget\"><\/div>\n\t\t<\/div><\/div><\/div><div id=\"pg-370-9\"  class=\"panel-grid panel-no-style\" ><div id=\"pgc-370-9-0\"  class=\"panel-grid-cell\" ><div id=\"panel-370-9-0-0\" class=\"so-panel widget widget_media_image panel-first-child panel-last-child\" data-index=\"18\" ><img loading=\"lazy\" decoding=\"async\" width=\"300\" height=\"72\" src=\"https:\/\/www.gregori-as.de\/wp-content\/uploads\/2023\/11\/etche-300x72.jpg\" class=\"image wp-image-405  attachment-medium size-medium\" alt=\"\" style=\"max-width: 100%; height: auto;\" srcset=\"https:\/\/www.gregori-as.de\/wp-content\/uploads\/2023\/11\/etche-300x72.jpg 300w, https:\/\/www.gregori-as.de\/wp-content\/uploads\/2023\/11\/etche.jpg 456w\" sizes=\"auto, (max-width: 300px) 100vw, 300px\" \/><\/div><\/div><div id=\"pgc-370-9-1\"  class=\"panel-grid-cell panel-grid-cell-mobile-last\" ><div id=\"panel-370-9-1-0\" class=\"so-panel widget widget_media_image panel-first-child panel-last-child\" data-index=\"19\" ><img loading=\"lazy\" decoding=\"async\" width=\"300\" height=\"72\" src=\"https:\/\/www.gregori-as.de\/wp-content\/uploads\/2023\/11\/Dunlop-300x72.jpg\" class=\"image wp-image-404  attachment-medium size-medium\" alt=\"\" style=\"max-width: 100%; height: auto;\" srcset=\"https:\/\/www.gregori-as.de\/wp-content\/uploads\/2023\/11\/Dunlop-300x72.jpg 300w, https:\/\/www.gregori-as.de\/wp-content\/uploads\/2023\/11\/Dunlop.jpg 456w\" sizes=\"auto, (max-width: 300px) 100vw, 300px\" \/><\/div><\/div><div id=\"pgc-370-9-2\"  class=\"panel-grid-cell panel-grid-cell-empty\" ><\/div><\/div><div id=\"pg-370-10\"  class=\"panel-grid panel-no-style\" ><div id=\"pgc-370-10-0\"  class=\"panel-grid-cell\" ><div id=\"panel-370-10-0-0\" class=\"so-panel widget widget_text panel-first-child panel-last-child\" data-index=\"20\" >\t\t\t<div class=\"textwidget\"><p>Fordern Sie unseren Produktkatolg an. Wir beraten Sie gerne!<\/p>\n<\/div>\n\t\t<\/div><\/div><\/div><\/div>","protected":false},"excerpt":{"rendered":"<p>Die Sicherheit am Arbeitsplatz h\u00e4ngt sowohl von betrieblichen als auch von pers\u00f6nlichen Faktoren ab. Die Auswahl der pers\u00f6nlichen Schutzausr\u00fcstung erfolgt nach der Gef\u00e4hrdungsbeurteilung. Sie folgt dem Grundsatz &#8222;So viel Schutz wie n\u00f6tig &#8211; so wenig Belastung wie m\u00f6glich&#8220;. Wir bem\u00fchen uns stets darum, diesem Grundsatz gerecht zu werden und vertrauen daher bei unseren Produkten nur [&hellip;]<\/p>\n","protected":false},"author":1,"featured_media":0,"parent":0,"menu_order":0,"comment_status":"closed","ping_status":"closed","template":"","meta":{"site-sidebar-layout":"default","site-content-layout":"","ast-site-content-layout":"default","site-content-style":"default","site-sidebar-style":"default","ast-global-header-display":"","ast-banner-title-visibility":"","ast-main-header-display":"","ast-hfb-above-header-display":"","ast-hfb-below-header-display":"","ast-hfb-mobile-header-display":"","site-post-title":"","ast-breadcrumbs-content":"","ast-featured-img":"","footer-sml-layout":"","ast-disable-related-posts":"","theme-transparent-header-meta":"default","adv-header-id-meta":"","stick-header-meta":"","header-above-stick-meta":"","header-main-stick-meta":"","header-below-stick-meta":"","astra-migrate-meta-layouts":"set","ast-page-background-enabled":"default","ast-page-background-meta":{"desktop":{"background-color":"","background-image":"","background-repeat":"repeat","background-position":"center center","background-size":"auto","background-attachment":"scroll","background-type":"","background-media":"","overlay-type":"","overlay-color":"","overlay-opacity":"","overlay-gradient":""},"tablet":{"background-color":"","background-image":"","background-repeat":"repeat","background-position":"center center","background-size":"auto","background-attachment":"scroll","background-type":"","background-media":"","overlay-type":"","overlay-color":"","overlay-opacity":"","overlay-gradient":""},"mobile":{"background-color":"","background-image":"","background-repeat":"repeat","background-position":"center center","background-size":"auto","background-attachment":"scroll","background-type":"","background-media":"","overlay-type":"","overlay-color":"","overlay-opacity":"","overlay-gradient":""}},"ast-content-background-meta":{"desktop":{"background-color":"var(--ast-global-color-5)","background-image":"","background-repeat":"repeat","background-position":"center center","background-size":"auto","background-attachment":"scroll","background-type":"","background-media":"","overlay-type":"","overlay-color":"","overlay-opacity":"","overlay-gradient":""},"tablet":{"background-color":"var(--ast-global-color-5)","background-image":"","background-repeat":"repeat","background-position":"center center","background-size":"auto","background-attachment":"scroll","background-type":"","background-media":"","overlay-type":"","overlay-color":"","overlay-opacity":"","overlay-gradient":""},"mobile":{"background-color":"var(--ast-global-color-5)","background-image":"","background-repeat":"repeat","background-position":"center center","background-size":"auto","background-attachment":"scroll","background-type":"","background-media":"","overlay-type":"","overlay-color":"","overlay-opacity":"","overlay-gradient":""}},"footnotes":""},"class_list":["post-370","page","type-page","status-publish","hentry"],"yoast_head":"<!-- This site is optimized with the Yoast SEO plugin v27.5 - https:\/\/yoast.com\/product\/yoast-seo-wordpress\/ -->\n<title>Arbeitssicherheit - Gregori<\/title>\n<meta name=\"robots\" content=\"index, follow, max-snippet:-1, max-image-preview:large, max-video-preview:-1\" \/>\n<link rel=\"canonical\" href=\"https:\/\/www.gregori-as.de\/index.php\/arbeitssicherheit\/\" \/>\n<meta property=\"og:locale\" content=\"de_DE\" \/>\n<meta property=\"og:type\" content=\"article\" \/>\n<meta property=\"og:title\" content=\"Arbeitssicherheit - Gregori\" \/>\n<meta property=\"og:description\" content=\"Die Sicherheit am Arbeitsplatz h\u00e4ngt sowohl von betrieblichen als auch von pers\u00f6nlichen Faktoren ab. Die Auswahl der pers\u00f6nlichen Schutzausr\u00fcstung erfolgt nach der Gef\u00e4hrdungsbeurteilung. Sie folgt dem Grundsatz &quot;So viel Schutz wie n\u00f6tig - so wenig Belastung wie m\u00f6glich&quot;. Wir bem\u00fchen uns stets darum, diesem Grundsatz gerecht zu werden und vertrauen daher bei unseren Produkten nur [&hellip;]\" \/>\n<meta property=\"og:url\" content=\"https:\/\/www.gregori-as.de\/index.php\/arbeitssicherheit\/\" \/>\n<meta property=\"og:site_name\" content=\"Gregori\" \/>\n<meta property=\"article:modified_time\" content=\"2024-08-18T10:46:00+00:00\" \/>\n<meta name=\"twitter:card\" content=\"summary_large_image\" \/>\n<meta name=\"twitter:label1\" content=\"Gesch\u00e4tzte Lesezeit\" \/>\n\t<meta name=\"twitter:data1\" content=\"4\u00a0Minuten\" \/>\n<script type=\"application\/ld+json\" class=\"yoast-schema-graph\">{\"@context\":\"https:\\\/\\\/schema.org\",\"@graph\":[{\"@type\":\"WebPage\",\"@id\":\"https:\\\/\\\/www.gregori-as.de\\\/index.php\\\/arbeitssicherheit\\\/\",\"url\":\"https:\\\/\\\/www.gregori-as.de\\\/index.php\\\/arbeitssicherheit\\\/\",\"name\":\"Arbeitssicherheit - Gregori\",\"isPartOf\":{\"@id\":\"https:\\\/\\\/www.gregori-as.de\\\/#website\"},\"datePublished\":\"2023-11-27T19:03:03+00:00\",\"dateModified\":\"2024-08-18T10:46:00+00:00\",\"breadcrumb\":{\"@id\":\"https:\\\/\\\/www.gregori-as.de\\\/index.php\\\/arbeitssicherheit\\\/#breadcrumb\"},\"inLanguage\":\"de\",\"potentialAction\":[{\"@type\":\"ReadAction\",\"target\":[\"https:\\\/\\\/www.gregori-as.de\\\/index.php\\\/arbeitssicherheit\\\/\"]}]},{\"@type\":\"BreadcrumbList\",\"@id\":\"https:\\\/\\\/www.gregori-as.de\\\/index.php\\\/arbeitssicherheit\\\/#breadcrumb\",\"itemListElement\":[{\"@type\":\"ListItem\",\"position\":1,\"name\":\"Startseite\",\"item\":\"https:\\\/\\\/www.gregori-as.de\\\/\"},{\"@type\":\"ListItem\",\"position\":2,\"name\":\"Arbeitssicherheit\"}]},{\"@type\":\"WebSite\",\"@id\":\"https:\\\/\\\/www.gregori-as.de\\\/#website\",\"url\":\"https:\\\/\\\/www.gregori-as.de\\\/\",\"name\":\"Gregori-AS\",\"description\":\"Arbeitssicherheit &amp; Service\",\"publisher\":{\"@id\":\"https:\\\/\\\/www.gregori-as.de\\\/#organization\"},\"potentialAction\":[{\"@type\":\"SearchAction\",\"target\":{\"@type\":\"EntryPoint\",\"urlTemplate\":\"https:\\\/\\\/www.gregori-as.de\\\/?s={search_term_string}\"},\"query-input\":{\"@type\":\"PropertyValueSpecification\",\"valueRequired\":true,\"valueName\":\"search_term_string\"}}],\"inLanguage\":\"de\"},{\"@type\":\"Organization\",\"@id\":\"https:\\\/\\\/www.gregori-as.de\\\/#organization\",\"name\":\"Gregori Arbeitssicherheit & Service GmbH\",\"url\":\"https:\\\/\\\/www.gregori-as.de\\\/\",\"logo\":{\"@type\":\"ImageObject\",\"inLanguage\":\"de\",\"@id\":\"https:\\\/\\\/www.gregori-as.de\\\/#\\\/schema\\\/logo\\\/image\\\/\",\"url\":\"https:\\\/\\\/www.gregori-as.de\\\/wp-content\\\/uploads\\\/2023\\\/11\\\/LOGO_GROSS.jpg\",\"contentUrl\":\"https:\\\/\\\/www.gregori-as.de\\\/wp-content\\\/uploads\\\/2023\\\/11\\\/LOGO_GROSS.jpg\",\"width\":1903,\"height\":635,\"caption\":\"Gregori Arbeitssicherheit & Service GmbH\"},\"image\":{\"@id\":\"https:\\\/\\\/www.gregori-as.de\\\/#\\\/schema\\\/logo\\\/image\\\/\"}}]}<\/script>\n<!-- \/ Yoast SEO plugin. -->","yoast_head_json":{"title":"Arbeitssicherheit - Gregori","robots":{"index":"index","follow":"follow","max-snippet":"max-snippet:-1","max-image-preview":"max-image-preview:large","max-video-preview":"max-video-preview:-1"},"canonical":"https:\/\/www.gregori-as.de\/index.php\/arbeitssicherheit\/","og_locale":"de_DE","og_type":"article","og_title":"Arbeitssicherheit - Gregori","og_description":"Die Sicherheit am Arbeitsplatz h\u00e4ngt sowohl von betrieblichen als auch von pers\u00f6nlichen Faktoren ab. Die Auswahl der pers\u00f6nlichen Schutzausr\u00fcstung erfolgt nach der Gef\u00e4hrdungsbeurteilung. Sie folgt dem Grundsatz \"So viel Schutz wie n\u00f6tig - so wenig Belastung wie m\u00f6glich\". Wir bem\u00fchen uns stets darum, diesem Grundsatz gerecht zu werden und vertrauen daher bei unseren Produkten nur [&hellip;]","og_url":"https:\/\/www.gregori-as.de\/index.php\/arbeitssicherheit\/","og_site_name":"Gregori","article_modified_time":"2024-08-18T10:46:00+00:00","twitter_card":"summary_large_image","twitter_misc":{"Gesch\u00e4tzte Lesezeit":"4\u00a0Minuten"},"schema":{"@context":"https:\/\/schema.org","@graph":[{"@type":"WebPage","@id":"https:\/\/www.gregori-as.de\/index.php\/arbeitssicherheit\/","url":"https:\/\/www.gregori-as.de\/index.php\/arbeitssicherheit\/","name":"Arbeitssicherheit - Gregori","isPartOf":{"@id":"https:\/\/www.gregori-as.de\/#website"},"datePublished":"2023-11-27T19:03:03+00:00","dateModified":"2024-08-18T10:46:00+00:00","breadcrumb":{"@id":"https:\/\/www.gregori-as.de\/index.php\/arbeitssicherheit\/#breadcrumb"},"inLanguage":"de","potentialAction":[{"@type":"ReadAction","target":["https:\/\/www.gregori-as.de\/index.php\/arbeitssicherheit\/"]}]},{"@type":"BreadcrumbList","@id":"https:\/\/www.gregori-as.de\/index.php\/arbeitssicherheit\/#breadcrumb","itemListElement":[{"@type":"ListItem","position":1,"name":"Startseite","item":"https:\/\/www.gregori-as.de\/"},{"@type":"ListItem","position":2,"name":"Arbeitssicherheit"}]},{"@type":"WebSite","@id":"https:\/\/www.gregori-as.de\/#website","url":"https:\/\/www.gregori-as.de\/","name":"Gregori-AS","description":"Arbeitssicherheit &amp; Service","publisher":{"@id":"https:\/\/www.gregori-as.de\/#organization"},"potentialAction":[{"@type":"SearchAction","target":{"@type":"EntryPoint","urlTemplate":"https:\/\/www.gregori-as.de\/?s={search_term_string}"},"query-input":{"@type":"PropertyValueSpecification","valueRequired":true,"valueName":"search_term_string"}}],"inLanguage":"de"},{"@type":"Organization","@id":"https:\/\/www.gregori-as.de\/#organization","name":"Gregori Arbeitssicherheit & Service GmbH","url":"https:\/\/www.gregori-as.de\/","logo":{"@type":"ImageObject","inLanguage":"de","@id":"https:\/\/www.gregori-as.de\/#\/schema\/logo\/image\/","url":"https:\/\/www.gregori-as.de\/wp-content\/uploads\/2023\/11\/LOGO_GROSS.jpg","contentUrl":"https:\/\/www.gregori-as.de\/wp-content\/uploads\/2023\/11\/LOGO_GROSS.jpg","width":1903,"height":635,"caption":"Gregori Arbeitssicherheit & Service GmbH"},"image":{"@id":"https:\/\/www.gregori-as.de\/#\/schema\/logo\/image\/"}}]}},"_links":{"self":[{"href":"https:\/\/www.gregori-as.de\/index.php\/wp-json\/wp\/v2\/pages\/370","targetHints":{"allow":["GET"]}}],"collection":[{"href":"https:\/\/www.gregori-as.de\/index.php\/wp-json\/wp\/v2\/pages"}],"about":[{"href":"https:\/\/www.gregori-as.de\/index.php\/wp-json\/wp\/v2\/types\/page"}],"author":[{"embeddable":true,"href":"https:\/\/www.gregori-as.de\/index.php\/wp-json\/wp\/v2\/users\/1"}],"replies":[{"embeddable":true,"href":"https:\/\/www.gregori-as.de\/index.php\/wp-json\/wp\/v2\/comments?post=370"}],"version-history":[{"count":28,"href":"https:\/\/www.gregori-as.de\/index.php\/wp-json\/wp\/v2\/pages\/370\/revisions"}],"predecessor-version":[{"id":469,"href":"https:\/\/www.gregori-as.de\/index.php\/wp-json\/wp\/v2\/pages\/370\/revisions\/469"}],"wp:attachment":[{"href":"https:\/\/www.gregori-as.de\/index.php\/wp-json\/wp\/v2\/media?parent=370"}],"curies":[{"name":"wp","href":"https:\/\/api.w.org\/{rel}","templated":true}]}}