{"id":421,"date":"2023-11-27T20:30:13","date_gmt":"2023-11-27T20:30:13","guid":{"rendered":"http:\/\/www.gregori-as.de\/?page_id=421"},"modified":"2023-11-27T20:30:13","modified_gmt":"2023-11-27T20:30:13","slug":"beratung","status":"publish","type":"page","link":"https:\/\/www.gregori-as.de\/index.php\/beratung\/","title":{"rendered":"Beratung"},"content":{"rendered":"<div id=\"pl-421\"  class=\"panel-layout\" ><div id=\"pg-421-0\"  class=\"panel-grid panel-no-style\" ><div id=\"pgc-421-0-0\"  class=\"panel-grid-cell\" ><div id=\"panel-421-0-0-0\" class=\"so-panel widget widget_text panel-first-child panel-last-child\" data-index=\"0\" >\t\t\t<div class=\"textwidget\"><p>Wir kennen die arbeitsrechtlichen Anforderungen und sind bestens vertraut mit den allgemeinen Empfehlungen. Wenn wir von Beratung sprechen, dann steht f\u00fcr uns zwar die Sicherheit der Anwender an erster Stelle, aber wir verlieren auch die pers\u00f6nlichen Anforderungen der Anwender und die Kosten niemals aus den Augen. Neudeutsch w\u00fcrden wir sagen, dass wir uns durch eine ausgepr\u00e4gte Hands-on-Mentalit\u00e4t auszeichnen. Oder besser gesagt, wenn wir Ihre Anforderungen kennen haben wir das Wissen und das Netzwerk um gemeinsam mit Ihnen zu einer optimalen L\u00f6sung zu kommen.<\/p>\n<\/div>\n\t\t<\/div><\/div><\/div><\/div>","protected":false},"excerpt":{"rendered":"<p>Wir kennen die arbeitsrechtlichen Anforderungen und sind bestens vertraut mit den allgemeinen Empfehlungen. Wenn wir von Beratung sprechen, dann steht f\u00fcr uns zwar die Sicherheit der Anwender an erster Stelle, aber wir verlieren auch die pers\u00f6nlichen Anforderungen der Anwender und die Kosten niemals aus den Augen. Neudeutsch w\u00fcrden wir sagen, dass wir uns durch eine [&hellip;]<\/p>\n","protected":false},"author":1,"featured_media":0,"parent":0,"menu_order":0,"comment_status":"closed","ping_status":"closed","template":"","meta":{"site-sidebar-layout":"default","site-content-layout":"","ast-site-content-layout":"default","site-content-style":"default","site-sidebar-style":"default","ast-global-header-display":"","ast-banner-title-visibility":"","ast-main-header-display":"","ast-hfb-above-header-display":"","ast-hfb-below-header-display":"","ast-hfb-mobile-header-display":"","site-post-title":"","ast-breadcrumbs-content":"","ast-featured-img":"","footer-sml-layout":"","ast-disable-related-posts":"","theme-transparent-header-meta":"default","adv-header-id-meta":"","stick-header-meta":"","header-above-stick-meta":"","header-main-stick-meta":"","header-below-stick-meta":"","astra-migrate-meta-layouts":"set","ast-page-background-enabled":"default","ast-page-background-meta":{"desktop":{"background-color":"","background-image":"","background-repeat":"repeat","background-position":"center center","background-size":"auto","background-attachment":"scroll","background-type":"","background-media":"","overlay-type":"","overlay-color":"","overlay-opacity":"","overlay-gradient":""},"tablet":{"background-color":"","background-image":"","background-repeat":"repeat","background-position":"center center","background-size":"auto","background-attachment":"scroll","background-type":"","background-media":"","overlay-type":"","overlay-color":"","overlay-opacity":"","overlay-gradient":""},"mobile":{"background-color":"","background-image":"","background-repeat":"repeat","background-position":"center center","background-size":"auto","background-attachment":"scroll","background-type":"","background-media":"","overlay-type":"","overlay-color":"","overlay-opacity":"","overlay-gradient":""}},"ast-content-background-meta":{"desktop":{"background-color":"var(--ast-global-color-5)","background-image":"","background-repeat":"repeat","background-position":"center center","background-size":"auto","background-attachment":"scroll","background-type":"","background-media":"","overlay-type":"","overlay-color":"","overlay-opacity":"","overlay-gradient":""},"tablet":{"background-color":"var(--ast-global-color-5)","background-image":"","background-repeat":"repeat","background-position":"center center","background-size":"auto","background-attachment":"scroll","background-type":"","background-media":"","overlay-type":"","overlay-color":"","overlay-opacity":"","overlay-gradient":""},"mobile":{"background-color":"var(--ast-global-color-5)","background-image":"","background-repeat":"repeat","background-position":"center center","background-size":"auto","background-attachment":"scroll","background-type":"","background-media":"","overlay-type":"","overlay-color":"","overlay-opacity":"","overlay-gradient":""}},"footnotes":""},"class_list":["post-421","page","type-page","status-publish","hentry"],"yoast_head":"<!-- This site is optimized with the Yoast SEO plugin v27.5 - https:\/\/yoast.com\/product\/yoast-seo-wordpress\/ -->\n<title>Beratung - Gregori<\/title>\n<meta name=\"robots\" content=\"index, follow, max-snippet:-1, max-image-preview:large, max-video-preview:-1\" \/>\n<link rel=\"canonical\" href=\"https:\/\/www.gregori-as.de\/index.php\/beratung\/\" \/>\n<meta property=\"og:locale\" content=\"de_DE\" \/>\n<meta property=\"og:type\" content=\"article\" \/>\n<meta property=\"og:title\" content=\"Beratung - Gregori\" \/>\n<meta property=\"og:description\" content=\"Wir kennen die arbeitsrechtlichen Anforderungen und sind bestens vertraut mit den allgemeinen Empfehlungen. Wenn wir von Beratung sprechen, dann steht f\u00fcr uns zwar die Sicherheit der Anwender an erster Stelle, aber wir verlieren auch die pers\u00f6nlichen Anforderungen der Anwender und die Kosten niemals aus den Augen. Neudeutsch w\u00fcrden wir sagen, dass wir uns durch eine [&hellip;]\" \/>\n<meta property=\"og:url\" content=\"https:\/\/www.gregori-as.de\/index.php\/beratung\/\" \/>\n<meta property=\"og:site_name\" content=\"Gregori\" \/>\n<meta name=\"twitter:card\" content=\"summary_large_image\" \/>\n<script type=\"application\/ld+json\" class=\"yoast-schema-graph\">{\"@context\":\"https:\\\/\\\/schema.org\",\"@graph\":[{\"@type\":\"WebPage\",\"@id\":\"https:\\\/\\\/www.gregori-as.de\\\/index.php\\\/beratung\\\/\",\"url\":\"https:\\\/\\\/www.gregori-as.de\\\/index.php\\\/beratung\\\/\",\"name\":\"Beratung - Gregori\",\"isPartOf\":{\"@id\":\"https:\\\/\\\/www.gregori-as.de\\\/#website\"},\"datePublished\":\"2023-11-27T20:30:13+00:00\",\"breadcrumb\":{\"@id\":\"https:\\\/\\\/www.gregori-as.de\\\/index.php\\\/beratung\\\/#breadcrumb\"},\"inLanguage\":\"de\",\"potentialAction\":[{\"@type\":\"ReadAction\",\"target\":[\"https:\\\/\\\/www.gregori-as.de\\\/index.php\\\/beratung\\\/\"]}]},{\"@type\":\"BreadcrumbList\",\"@id\":\"https:\\\/\\\/www.gregori-as.de\\\/index.php\\\/beratung\\\/#breadcrumb\",\"itemListElement\":[{\"@type\":\"ListItem\",\"position\":1,\"name\":\"Startseite\",\"item\":\"https:\\\/\\\/www.gregori-as.de\\\/\"},{\"@type\":\"ListItem\",\"position\":2,\"name\":\"Beratung\"}]},{\"@type\":\"WebSite\",\"@id\":\"https:\\\/\\\/www.gregori-as.de\\\/#website\",\"url\":\"https:\\\/\\\/www.gregori-as.de\\\/\",\"name\":\"Gregori-AS\",\"description\":\"Arbeitssicherheit &amp; Service\",\"publisher\":{\"@id\":\"https:\\\/\\\/www.gregori-as.de\\\/#organization\"},\"potentialAction\":[{\"@type\":\"SearchAction\",\"target\":{\"@type\":\"EntryPoint\",\"urlTemplate\":\"https:\\\/\\\/www.gregori-as.de\\\/?s={search_term_string}\"},\"query-input\":{\"@type\":\"PropertyValueSpecification\",\"valueRequired\":true,\"valueName\":\"search_term_string\"}}],\"inLanguage\":\"de\"},{\"@type\":\"Organization\",\"@id\":\"https:\\\/\\\/www.gregori-as.de\\\/#organization\",\"name\":\"Gregori Arbeitssicherheit & Service GmbH\",\"url\":\"https:\\\/\\\/www.gregori-as.de\\\/\",\"logo\":{\"@type\":\"ImageObject\",\"inLanguage\":\"de\",\"@id\":\"https:\\\/\\\/www.gregori-as.de\\\/#\\\/schema\\\/logo\\\/image\\\/\",\"url\":\"https:\\\/\\\/www.gregori-as.de\\\/wp-content\\\/uploads\\\/2023\\\/11\\\/LOGO_GROSS.jpg\",\"contentUrl\":\"https:\\\/\\\/www.gregori-as.de\\\/wp-content\\\/uploads\\\/2023\\\/11\\\/LOGO_GROSS.jpg\",\"width\":1903,\"height\":635,\"caption\":\"Gregori Arbeitssicherheit & Service GmbH\"},\"image\":{\"@id\":\"https:\\\/\\\/www.gregori-as.de\\\/#\\\/schema\\\/logo\\\/image\\\/\"}}]}<\/script>\n<!-- \/ Yoast SEO plugin. -->","yoast_head_json":{"title":"Beratung - Gregori","robots":{"index":"index","follow":"follow","max-snippet":"max-snippet:-1","max-image-preview":"max-image-preview:large","max-video-preview":"max-video-preview:-1"},"canonical":"https:\/\/www.gregori-as.de\/index.php\/beratung\/","og_locale":"de_DE","og_type":"article","og_title":"Beratung - Gregori","og_description":"Wir kennen die arbeitsrechtlichen Anforderungen und sind bestens vertraut mit den allgemeinen Empfehlungen. Wenn wir von Beratung sprechen, dann steht f\u00fcr uns zwar die Sicherheit der Anwender an erster Stelle, aber wir verlieren auch die pers\u00f6nlichen Anforderungen der Anwender und die Kosten niemals aus den Augen. Neudeutsch w\u00fcrden wir sagen, dass wir uns durch eine [&hellip;]","og_url":"https:\/\/www.gregori-as.de\/index.php\/beratung\/","og_site_name":"Gregori","twitter_card":"summary_large_image","schema":{"@context":"https:\/\/schema.org","@graph":[{"@type":"WebPage","@id":"https:\/\/www.gregori-as.de\/index.php\/beratung\/","url":"https:\/\/www.gregori-as.de\/index.php\/beratung\/","name":"Beratung - Gregori","isPartOf":{"@id":"https:\/\/www.gregori-as.de\/#website"},"datePublished":"2023-11-27T20:30:13+00:00","breadcrumb":{"@id":"https:\/\/www.gregori-as.de\/index.php\/beratung\/#breadcrumb"},"inLanguage":"de","potentialAction":[{"@type":"ReadAction","target":["https:\/\/www.gregori-as.de\/index.php\/beratung\/"]}]},{"@type":"BreadcrumbList","@id":"https:\/\/www.gregori-as.de\/index.php\/beratung\/#breadcrumb","itemListElement":[{"@type":"ListItem","position":1,"name":"Startseite","item":"https:\/\/www.gregori-as.de\/"},{"@type":"ListItem","position":2,"name":"Beratung"}]},{"@type":"WebSite","@id":"https:\/\/www.gregori-as.de\/#website","url":"https:\/\/www.gregori-as.de\/","name":"Gregori-AS","description":"Arbeitssicherheit &amp; Service","publisher":{"@id":"https:\/\/www.gregori-as.de\/#organization"},"potentialAction":[{"@type":"SearchAction","target":{"@type":"EntryPoint","urlTemplate":"https:\/\/www.gregori-as.de\/?s={search_term_string}"},"query-input":{"@type":"PropertyValueSpecification","valueRequired":true,"valueName":"search_term_string"}}],"inLanguage":"de"},{"@type":"Organization","@id":"https:\/\/www.gregori-as.de\/#organization","name":"Gregori Arbeitssicherheit & Service GmbH","url":"https:\/\/www.gregori-as.de\/","logo":{"@type":"ImageObject","inLanguage":"de","@id":"https:\/\/www.gregori-as.de\/#\/schema\/logo\/image\/","url":"https:\/\/www.gregori-as.de\/wp-content\/uploads\/2023\/11\/LOGO_GROSS.jpg","contentUrl":"https:\/\/www.gregori-as.de\/wp-content\/uploads\/2023\/11\/LOGO_GROSS.jpg","width":1903,"height":635,"caption":"Gregori Arbeitssicherheit & Service GmbH"},"image":{"@id":"https:\/\/www.gregori-as.de\/#\/schema\/logo\/image\/"}}]}},"_links":{"self":[{"href":"https:\/\/www.gregori-as.de\/index.php\/wp-json\/wp\/v2\/pages\/421","targetHints":{"allow":["GET"]}}],"collection":[{"href":"https:\/\/www.gregori-as.de\/index.php\/wp-json\/wp\/v2\/pages"}],"about":[{"href":"https:\/\/www.gregori-as.de\/index.php\/wp-json\/wp\/v2\/types\/page"}],"author":[{"embeddable":true,"href":"https:\/\/www.gregori-as.de\/index.php\/wp-json\/wp\/v2\/users\/1"}],"replies":[{"embeddable":true,"href":"https:\/\/www.gregori-as.de\/index.php\/wp-json\/wp\/v2\/comments?post=421"}],"version-history":[{"count":1,"href":"https:\/\/www.gregori-as.de\/index.php\/wp-json\/wp\/v2\/pages\/421\/revisions"}],"predecessor-version":[{"id":422,"href":"https:\/\/www.gregori-as.de\/index.php\/wp-json\/wp\/v2\/pages\/421\/revisions\/422"}],"wp:attachment":[{"href":"https:\/\/www.gregori-as.de\/index.php\/wp-json\/wp\/v2\/media?parent=421"}],"curies":[{"name":"wp","href":"https:\/\/api.w.org\/{rel}","templated":true}]}}