{"id":423,"date":"2023-11-27T20:31:09","date_gmt":"2023-11-27T20:31:09","guid":{"rendered":"http:\/\/www.gregori-as.de\/?page_id=423"},"modified":"2024-08-18T10:48:22","modified_gmt":"2024-08-18T10:48:22","slug":"ueber-uns","status":"publish","type":"page","link":"https:\/\/www.gregori-as.de\/index.php\/ueber-uns\/","title":{"rendered":"\u00dcber uns"},"content":{"rendered":"<div id=\"pl-423\"  class=\"panel-layout\" ><div id=\"pg-423-0\"  class=\"panel-grid panel-no-style\" ><div id=\"pgc-423-0-0\"  class=\"panel-grid-cell\" ><div id=\"panel-423-0-0-0\" class=\"so-panel widget widget_text panel-first-child panel-last-child\" data-index=\"0\" >\t\t\t<div class=\"textwidget\"><p>Ein Leben lang k\u00fcmmern wir uns um die Arbeitssicherheit in der Land- und Forstwirtschaft. Wir sprechen die Sprache unserer Kunden und verstehen ihre besonderen Herausforderungen. Mit 08\/15 L\u00f6sungen ist nur selten geholfen. Wir kennen tausende land- und forstwirtschaftliche Betriebe pers\u00f6nlich. Genauso wie Betriebe aus der Tier- und Pflanzenzucht. Besondere Kenntnisse haben wir im Seuchen- und Infektionsschutz.<\/p>\n<p>Als unserem Kunden bieten wir Ihnen die M\u00f6glichkeit von unserer Erfahrung zu profitieren &#8211; so, wie es auch \u00f6ffentliche Institute oder die gesetzlichen Unfallversicherungen bereits seit vielen Jahren tun. Die Familie Gregori ist Ihr zuverl\u00e4ssiger und kompetenter Partner f\u00fcr alle Fragen rund um das Thema Arbeitssicherheit &#8211; und f\u00fcr vieles mehr.<\/p>\n<\/div>\n\t\t<\/div><\/div><\/div><\/div>","protected":false},"excerpt":{"rendered":"<p>Ein Leben lang k\u00fcmmern wir uns um die Arbeitssicherheit in der Land- und Forstwirtschaft. Wir sprechen die Sprache unserer Kunden und verstehen ihre besonderen Herausforderungen. Mit 08\/15 L\u00f6sungen ist nur selten geholfen. Wir kennen tausende land- und forstwirtschaftliche Betriebe pers\u00f6nlich. Genauso wie Betriebe aus der Tier- und Pflanzenzucht. Besondere Kenntnisse haben wir im Seuchen- und [&hellip;]<\/p>\n","protected":false},"author":1,"featured_media":0,"parent":0,"menu_order":0,"comment_status":"closed","ping_status":"closed","template":"","meta":{"site-sidebar-layout":"default","site-content-layout":"","ast-site-content-layout":"default","site-content-style":"default","site-sidebar-style":"default","ast-global-header-display":"","ast-banner-title-visibility":"","ast-main-header-display":"","ast-hfb-above-header-display":"","ast-hfb-below-header-display":"","ast-hfb-mobile-header-display":"","site-post-title":"","ast-breadcrumbs-content":"","ast-featured-img":"","footer-sml-layout":"","ast-disable-related-posts":"","theme-transparent-header-meta":"default","adv-header-id-meta":"","stick-header-meta":"","header-above-stick-meta":"","header-main-stick-meta":"","header-below-stick-meta":"","astra-migrate-meta-layouts":"set","ast-page-background-enabled":"default","ast-page-background-meta":{"desktop":{"background-color":"","background-image":"","background-repeat":"repeat","background-position":"center center","background-size":"auto","background-attachment":"scroll","background-type":"","background-media":"","overlay-type":"","overlay-color":"","overlay-opacity":"","overlay-gradient":""},"tablet":{"background-color":"","background-image":"","background-repeat":"repeat","background-position":"center center","background-size":"auto","background-attachment":"scroll","background-type":"","background-media":"","overlay-type":"","overlay-color":"","overlay-opacity":"","overlay-gradient":""},"mobile":{"background-color":"","background-image":"","background-repeat":"repeat","background-position":"center center","background-size":"auto","background-attachment":"scroll","background-type":"","background-media":"","overlay-type":"","overlay-color":"","overlay-opacity":"","overlay-gradient":""}},"ast-content-background-meta":{"desktop":{"background-color":"var(--ast-global-color-5)","background-image":"","background-repeat":"repeat","background-position":"center center","background-size":"auto","background-attachment":"scroll","background-type":"","background-media":"","overlay-type":"","overlay-color":"","overlay-opacity":"","overlay-gradient":""},"tablet":{"background-color":"var(--ast-global-color-5)","background-image":"","background-repeat":"repeat","background-position":"center center","background-size":"auto","background-attachment":"scroll","background-type":"","background-media":"","overlay-type":"","overlay-color":"","overlay-opacity":"","overlay-gradient":""},"mobile":{"background-color":"var(--ast-global-color-5)","background-image":"","background-repeat":"repeat","background-position":"center center","background-size":"auto","background-attachment":"scroll","background-type":"","background-media":"","overlay-type":"","overlay-color":"","overlay-opacity":"","overlay-gradient":""}},"footnotes":""},"class_list":["post-423","page","type-page","status-publish","hentry"],"yoast_head":"<!-- This site is optimized with the Yoast SEO plugin v27.5 - https:\/\/yoast.com\/product\/yoast-seo-wordpress\/ -->\n<title>\u00dcber uns - Gregori<\/title>\n<meta name=\"robots\" content=\"index, follow, max-snippet:-1, max-image-preview:large, max-video-preview:-1\" \/>\n<link rel=\"canonical\" href=\"https:\/\/www.gregori-as.de\/index.php\/ueber-uns\/\" \/>\n<meta property=\"og:locale\" content=\"de_DE\" \/>\n<meta property=\"og:type\" content=\"article\" \/>\n<meta property=\"og:title\" content=\"\u00dcber uns - Gregori\" \/>\n<meta property=\"og:description\" content=\"Ein Leben lang k\u00fcmmern wir uns um die Arbeitssicherheit in der Land- und Forstwirtschaft. Wir sprechen die Sprache unserer Kunden und verstehen ihre besonderen Herausforderungen. Mit 08\/15 L\u00f6sungen ist nur selten geholfen. Wir kennen tausende land- und forstwirtschaftliche Betriebe pers\u00f6nlich. Genauso wie Betriebe aus der Tier- und Pflanzenzucht. Besondere Kenntnisse haben wir im Seuchen- und [&hellip;]\" \/>\n<meta property=\"og:url\" content=\"https:\/\/www.gregori-as.de\/index.php\/ueber-uns\/\" \/>\n<meta property=\"og:site_name\" content=\"Gregori\" \/>\n<meta property=\"article:modified_time\" content=\"2024-08-18T10:48:22+00:00\" \/>\n<meta name=\"twitter:card\" content=\"summary_large_image\" \/>\n<meta name=\"twitter:label1\" content=\"Gesch\u00e4tzte Lesezeit\" \/>\n\t<meta name=\"twitter:data1\" content=\"1\u00a0Minute\" \/>\n<script type=\"application\/ld+json\" class=\"yoast-schema-graph\">{\"@context\":\"https:\\\/\\\/schema.org\",\"@graph\":[{\"@type\":\"WebPage\",\"@id\":\"https:\\\/\\\/www.gregori-as.de\\\/index.php\\\/ueber-uns\\\/\",\"url\":\"https:\\\/\\\/www.gregori-as.de\\\/index.php\\\/ueber-uns\\\/\",\"name\":\"\u00dcber uns - Gregori\",\"isPartOf\":{\"@id\":\"https:\\\/\\\/www.gregori-as.de\\\/#website\"},\"datePublished\":\"2023-11-27T20:31:09+00:00\",\"dateModified\":\"2024-08-18T10:48:22+00:00\",\"breadcrumb\":{\"@id\":\"https:\\\/\\\/www.gregori-as.de\\\/index.php\\\/ueber-uns\\\/#breadcrumb\"},\"inLanguage\":\"de\",\"potentialAction\":[{\"@type\":\"ReadAction\",\"target\":[\"https:\\\/\\\/www.gregori-as.de\\\/index.php\\\/ueber-uns\\\/\"]}]},{\"@type\":\"BreadcrumbList\",\"@id\":\"https:\\\/\\\/www.gregori-as.de\\\/index.php\\\/ueber-uns\\\/#breadcrumb\",\"itemListElement\":[{\"@type\":\"ListItem\",\"position\":1,\"name\":\"Startseite\",\"item\":\"https:\\\/\\\/www.gregori-as.de\\\/\"},{\"@type\":\"ListItem\",\"position\":2,\"name\":\"\u00dcber uns\"}]},{\"@type\":\"WebSite\",\"@id\":\"https:\\\/\\\/www.gregori-as.de\\\/#website\",\"url\":\"https:\\\/\\\/www.gregori-as.de\\\/\",\"name\":\"Gregori-AS\",\"description\":\"Arbeitssicherheit &amp; Service\",\"publisher\":{\"@id\":\"https:\\\/\\\/www.gregori-as.de\\\/#organization\"},\"potentialAction\":[{\"@type\":\"SearchAction\",\"target\":{\"@type\":\"EntryPoint\",\"urlTemplate\":\"https:\\\/\\\/www.gregori-as.de\\\/?s={search_term_string}\"},\"query-input\":{\"@type\":\"PropertyValueSpecification\",\"valueRequired\":true,\"valueName\":\"search_term_string\"}}],\"inLanguage\":\"de\"},{\"@type\":\"Organization\",\"@id\":\"https:\\\/\\\/www.gregori-as.de\\\/#organization\",\"name\":\"Gregori Arbeitssicherheit & Service GmbH\",\"url\":\"https:\\\/\\\/www.gregori-as.de\\\/\",\"logo\":{\"@type\":\"ImageObject\",\"inLanguage\":\"de\",\"@id\":\"https:\\\/\\\/www.gregori-as.de\\\/#\\\/schema\\\/logo\\\/image\\\/\",\"url\":\"https:\\\/\\\/www.gregori-as.de\\\/wp-content\\\/uploads\\\/2023\\\/11\\\/LOGO_GROSS.jpg\",\"contentUrl\":\"https:\\\/\\\/www.gregori-as.de\\\/wp-content\\\/uploads\\\/2023\\\/11\\\/LOGO_GROSS.jpg\",\"width\":1903,\"height\":635,\"caption\":\"Gregori Arbeitssicherheit & Service GmbH\"},\"image\":{\"@id\":\"https:\\\/\\\/www.gregori-as.de\\\/#\\\/schema\\\/logo\\\/image\\\/\"}}]}<\/script>\n<!-- \/ Yoast SEO plugin. -->","yoast_head_json":{"title":"\u00dcber uns - Gregori","robots":{"index":"index","follow":"follow","max-snippet":"max-snippet:-1","max-image-preview":"max-image-preview:large","max-video-preview":"max-video-preview:-1"},"canonical":"https:\/\/www.gregori-as.de\/index.php\/ueber-uns\/","og_locale":"de_DE","og_type":"article","og_title":"\u00dcber uns - Gregori","og_description":"Ein Leben lang k\u00fcmmern wir uns um die Arbeitssicherheit in der Land- und Forstwirtschaft. Wir sprechen die Sprache unserer Kunden und verstehen ihre besonderen Herausforderungen. Mit 08\/15 L\u00f6sungen ist nur selten geholfen. Wir kennen tausende land- und forstwirtschaftliche Betriebe pers\u00f6nlich. Genauso wie Betriebe aus der Tier- und Pflanzenzucht. Besondere Kenntnisse haben wir im Seuchen- und [&hellip;]","og_url":"https:\/\/www.gregori-as.de\/index.php\/ueber-uns\/","og_site_name":"Gregori","article_modified_time":"2024-08-18T10:48:22+00:00","twitter_card":"summary_large_image","twitter_misc":{"Gesch\u00e4tzte Lesezeit":"1\u00a0Minute"},"schema":{"@context":"https:\/\/schema.org","@graph":[{"@type":"WebPage","@id":"https:\/\/www.gregori-as.de\/index.php\/ueber-uns\/","url":"https:\/\/www.gregori-as.de\/index.php\/ueber-uns\/","name":"\u00dcber uns - Gregori","isPartOf":{"@id":"https:\/\/www.gregori-as.de\/#website"},"datePublished":"2023-11-27T20:31:09+00:00","dateModified":"2024-08-18T10:48:22+00:00","breadcrumb":{"@id":"https:\/\/www.gregori-as.de\/index.php\/ueber-uns\/#breadcrumb"},"inLanguage":"de","potentialAction":[{"@type":"ReadAction","target":["https:\/\/www.gregori-as.de\/index.php\/ueber-uns\/"]}]},{"@type":"BreadcrumbList","@id":"https:\/\/www.gregori-as.de\/index.php\/ueber-uns\/#breadcrumb","itemListElement":[{"@type":"ListItem","position":1,"name":"Startseite","item":"https:\/\/www.gregori-as.de\/"},{"@type":"ListItem","position":2,"name":"\u00dcber uns"}]},{"@type":"WebSite","@id":"https:\/\/www.gregori-as.de\/#website","url":"https:\/\/www.gregori-as.de\/","name":"Gregori-AS","description":"Arbeitssicherheit &amp; Service","publisher":{"@id":"https:\/\/www.gregori-as.de\/#organization"},"potentialAction":[{"@type":"SearchAction","target":{"@type":"EntryPoint","urlTemplate":"https:\/\/www.gregori-as.de\/?s={search_term_string}"},"query-input":{"@type":"PropertyValueSpecification","valueRequired":true,"valueName":"search_term_string"}}],"inLanguage":"de"},{"@type":"Organization","@id":"https:\/\/www.gregori-as.de\/#organization","name":"Gregori Arbeitssicherheit & Service GmbH","url":"https:\/\/www.gregori-as.de\/","logo":{"@type":"ImageObject","inLanguage":"de","@id":"https:\/\/www.gregori-as.de\/#\/schema\/logo\/image\/","url":"https:\/\/www.gregori-as.de\/wp-content\/uploads\/2023\/11\/LOGO_GROSS.jpg","contentUrl":"https:\/\/www.gregori-as.de\/wp-content\/uploads\/2023\/11\/LOGO_GROSS.jpg","width":1903,"height":635,"caption":"Gregori Arbeitssicherheit & Service GmbH"},"image":{"@id":"https:\/\/www.gregori-as.de\/#\/schema\/logo\/image\/"}}]}},"_links":{"self":[{"href":"https:\/\/www.gregori-as.de\/index.php\/wp-json\/wp\/v2\/pages\/423","targetHints":{"allow":["GET"]}}],"collection":[{"href":"https:\/\/www.gregori-as.de\/index.php\/wp-json\/wp\/v2\/pages"}],"about":[{"href":"https:\/\/www.gregori-as.de\/index.php\/wp-json\/wp\/v2\/types\/page"}],"author":[{"embeddable":true,"href":"https:\/\/www.gregori-as.de\/index.php\/wp-json\/wp\/v2\/users\/1"}],"replies":[{"embeddable":true,"href":"https:\/\/www.gregori-as.de\/index.php\/wp-json\/wp\/v2\/comments?post=423"}],"version-history":[{"count":3,"href":"https:\/\/www.gregori-as.de\/index.php\/wp-json\/wp\/v2\/pages\/423\/revisions"}],"predecessor-version":[{"id":471,"href":"https:\/\/www.gregori-as.de\/index.php\/wp-json\/wp\/v2\/pages\/423\/revisions\/471"}],"wp:attachment":[{"href":"https:\/\/www.gregori-as.de\/index.php\/wp-json\/wp\/v2\/media?parent=423"}],"curies":[{"name":"wp","href":"https:\/\/api.w.org\/{rel}","templated":true}]}}